{"id":186,"date":"2016-08-26T22:27:50","date_gmt":"2016-08-26T22:27:50","guid":{"rendered":"http:\/\/antoniamarques.pt\/blog\/?page_id=186"},"modified":"2024-04-10T13:35:22","modified_gmt":"2024-04-10T13:35:22","slug":"eu-do-avesso","status":"publish","type":"page","link":"https:\/\/antoniamarques.pt\/blog\/eu-do-avesso\/","title":{"rendered":"eu, do avesso"},"content":{"rendered":"\n<p>Artista Visual e Educadora nasceu no Porto em 1974, Portugal.<\/p>\n\n\n\n<p>Licenciada em Artes Pl\u00e1sticas e Mestre em Arte e Design para o Espa\u00e7o P\u00fablico, pela Faculdade de Belas Artes da Universidade do Porto.<\/p>\n\n\n\n<p>Desde sempre embrenhada numa intensa e diversificada participa\u00e7\u00e3o c\u00edvica, reflete na sua pr\u00e1tica art\u00edstica sobre as din\u00e2micas de grupo que se organizam em prol da defesa de causas comuns. Procura compreender e ativar, atrav\u00e9s da linguagem e express\u00e3o visual, a consci\u00eancia c\u00edvica de outros, com os quais se vai achando em diversos contextos. Na atividade de educadora, que desempenha h\u00e1 cerca de 25 anos, encontra um territ\u00f3rio f\u00e9rtil de interven\u00e7\u00e3o art\u00edstica, c\u00edvica e social.<\/p>\n\n\n\n<p>A sua atividade art\u00edstica traduz as inquieta\u00e7\u00f5es despoletadas por uma vontade cont\u00ednua de ler, compreender e interpretar os aspetos que d\u00e3o forma ao tempo presente, expressando a vital necessidade de inscrever a sua presen\u00e7a, potenciando envolvimentos intensos com as pessoas e o ch\u00e3o por elas habitado.<\/p>\n\n\n\n<p>Em 2013 ocupou-se da Conce\u00e7\u00e3o e Dire\u00e7\u00e3o Art\u00edstica do Projeto \u201cHist\u00f3rias de Vida \u2013 do <em>atelier<\/em> ao espa\u00e7o p\u00fablico\u201d, apresentado na Casa da Imagem no Porto.<\/p>\n\n\n\n<p>Em 2015 realizou diversas atividades em Cabo Verde, nomeadamente, a participa\u00e7\u00e3o nas Jornadas para a Inclus\u00e3o, na Universidade Jean Piaget, com a Comunica\u00e7\u00e3o \u201cEduca\u00e7\u00e3o pela Arte \u2013 uma proposta para a Inclus\u00e3o\u201d. Concebeu um programa metodol\u00f3gico dedicado aos mapeamentos colaborativos, aplicado em atividades de campo na Cidade da Praia. Conferencista no III Encontro Internacional de Reflex\u00e3o e Investiga\u00e7\u00e3o com a comunica\u00e7\u00e3o \u201cOs mapeamentos coletivos na cria\u00e7\u00e3o de procedimentos alternativos de abordagem e representa\u00e7\u00e3o do territ\u00f3rio\u201d.<\/p>\n\n\n\n<p>Ainda em 2015, participou na Exposi\u00e7\u00e3o \u201cOver a flight of Steps\u201d, na Faculdade de Belas Artes do Porto, com a atividade projetual desenvolvida no \u00e2mbito da investiga\u00e7\u00e3o dedicado ao tema \u201cEm Tr\u00e2nsito, pela cria\u00e7\u00e3o de lugares Indisciplinados\u201d.<\/p>\n\n\n\n<p>Sua atividade art\u00edstica vai-se multiplicando em diversos registos e suportes, de passagem, em estreita sintonia com as pessoas e lugares com quem e onde se vai cruzando.<\/p>\n\n\n\n<p>Em 2018 apresentou, no \u00e2mbito de uma Masterclasse, os seus mais recentes projetos criativos no Pal\u00e1cio da Cultura Ildo Lobo, na Cidade da Praia [Cabo Verde].<\/p>\n\n\n\n<p>Em maio 2019 participou no Txon-poesia, festival internacional de poesia do Mindelo,&nbsp; no \u00e2mbito das Oficinas &#8220;FERVEDOURO PO\u00c9TICO&#8221;, com a atividade P\u00e9 no Txon, pela cria\u00e7\u00e3o de lugares indisciplinados.<\/p>\n\n\n\n<figure class=\"wp-block-embed is-type-video is-provider-youtube wp-block-embed-youtube wp-embed-aspect-16-9 wp-has-aspect-ratio\"><div class=\"wp-block-embed__wrapper\">\n<iframe loading=\"lazy\" title=\"portef\u00f3lio\" width=\"640\" height=\"360\" src=\"https:\/\/www.youtube.com\/embed\/O6tl8up1-98?feature=oembed\" frameborder=\"0\" allow=\"accelerometer; autoplay; clipboard-write; encrypted-media; gyroscope; picture-in-picture; web-share\" referrerpolicy=\"strict-origin-when-cross-origin\" allowfullscreen><\/iframe>\n<\/div><\/figure>\n\n\n\n<p>email: info@antoniamarques.pt<\/p>\n\n\n\n<p><a href=\"https:\/\/www.facebook.com\/antonia.marques.98\">https:\/\/www.facebook.com\/antonia.marques.98<\/a><\/p>\n\n\n\n<p><a href=\"https:\/\/www.instagram.com\/antoniamaarques\/\">https:\/\/www.instagram.com\/antoniamaarques\/<\/a><\/p>\n","protected":false},"excerpt":{"rendered":"<p>Artista Visual e Educadora nasceu no Porto em 1974, Portugal. Licenciada em Artes Pl\u00e1sticas e Mestre em Arte e Design para o Espa\u00e7o P\u00fablico, pela Faculdade de Belas Artes da Universidade do Porto. Desde sempre embrenhada numa intensa e diversificada participa\u00e7\u00e3o c\u00edvica, reflete na sua pr\u00e1tica art\u00edstica sobre as din\u00e2micas de grupo que se organizam [&hellip;]<\/p>\n","protected":false},"author":2,"featured_media":3741,"parent":0,"menu_order":1,"comment_status":"closed","ping_status":"closed","template":"","meta":{"footnotes":""},"class_list":["post-186","page","type-page","status-publish","has-post-thumbnail","hentry"],"_links":{"self":[{"href":"https:\/\/antoniamarques.pt\/blog\/wp-json\/wp\/v2\/pages\/186","targetHints":{"allow":["GET"]}}],"collection":[{"href":"https:\/\/antoniamarques.pt\/blog\/wp-json\/wp\/v2\/pages"}],"about":[{"href":"https:\/\/antoniamarques.pt\/blog\/wp-json\/wp\/v2\/types\/page"}],"author":[{"embeddable":true,"href":"https:\/\/antoniamarques.pt\/blog\/wp-json\/wp\/v2\/users\/2"}],"replies":[{"embeddable":true,"href":"https:\/\/antoniamarques.pt\/blog\/wp-json\/wp\/v2\/comments?post=186"}],"version-history":[{"count":24,"href":"https:\/\/antoniamarques.pt\/blog\/wp-json\/wp\/v2\/pages\/186\/revisions"}],"predecessor-version":[{"id":3650,"href":"https:\/\/antoniamarques.pt\/blog\/wp-json\/wp\/v2\/pages\/186\/revisions\/3650"}],"wp:featuredmedia":[{"embeddable":true,"href":"https:\/\/antoniamarques.pt\/blog\/wp-json\/wp\/v2\/media\/3741"}],"wp:attachment":[{"href":"https:\/\/antoniamarques.pt\/blog\/wp-json\/wp\/v2\/media?parent=186"}],"curies":[{"name":"wp","href":"https:\/\/api.w.org\/{rel}","templated":true}]}}