{"id":2205,"date":"2021-01-03T23:24:52","date_gmt":"2021-01-03T23:24:52","guid":{"rendered":"http:\/\/antoniamarques.pt\/blog\/?page_id=2205"},"modified":"2023-07-24T18:23:19","modified_gmt":"2023-07-24T18:23:19","slug":"dia","status":"publish","type":"page","link":"https:\/\/antoniamarques.pt\/blog\/dia\/","title":{"rendered":"falar do avesso"},"content":{"rendered":"\n<p>conversar, de vagar, deambulando entre voc\u00e1bulos<\/p>\n\n\n\n<p><em>em vivo,&nbsp;<\/em><br>na primeira claridade, no lusco-fusco,<br>\u00e0 luz da vela, ou sob o ru\u00eddo chato de uma intermitente l\u00e2mpada fluorescente,<br>\u00e0 roda da mesa, na sala dos fundos, \u00e0 porta da rua, ou no meio da pra\u00e7a.<br>Se for de vontade partilhada, qualquer lugar \u00e9 certo para abrigar uma troca de palavras.<br>n\u00e3o h\u00e1 requinte tecnol\u00f3gico, de comunica\u00e7\u00e3o \u00e0 dist\u00e2ncia, capaz de destronar o encantamento do estar, conversar, com algu\u00e9m, em algum lugar.<br>n\u00e3o h\u00e1 representa\u00e7\u00e3o poss\u00edvel de um rosto, rubro de paix\u00e3o pela voluptuosidade do argumento.<br>n\u00e3o h\u00e1 r\u00e9plica capaz de traduzir o semblante sereno, imperturb\u00e1vel que toma conta da pessoa enamorada pela sonoridade da fala esperta.<br>n\u00e3o h\u00e1 como fazer sentir a gana, o vendaval que atordoa, que toma conta da voz e se projeta, com eloqu\u00eancia, na fala. \u00c9 preciso estar, dedicar tempo, saborear, mergulhar na conversa at\u00e9 que falhe o ar!<br>n\u00e3o h\u00e1 como reproduzir a como\u00e7\u00e3o que assola o corpo, assim que se v\u00ea emaranhado numa efusiva e participada conversa. Agita\u00e7\u00e3o brava essa, capaz de arrancar palavras que temos guardadas nos lugares mais improv\u00e1veis.<br>talvez haja como registar a dan\u00e7a dos voc\u00e1bulos mas, eu prescindo do registo, chegam-me as mem\u00f3rias, gosto de balan\u00e7ar o corpo enquanto desfio, com outros, umas quantas palavras!<\/p>\n\n\n\n<p>vem, demora-te por aqui um pouco, vamos conversar!<\/p>\n\n\n\n<p><br><\/p>\n\n\n<div class=\"wp-block-image\">\n<figure class=\"aligncenter\"><img loading=\"lazy\" decoding=\"async\" width=\"1024\" height=\"1024\" src=\"https:\/\/antoniamarques.pt\/blog\/wp-content\/uploads\/2021\/01\/m-1024x1024.jpeg\" alt=\"\" class=\"wp-image-2243\" srcset=\"https:\/\/antoniamarques.pt\/blog\/wp-content\/uploads\/2021\/01\/m-1024x1024.jpeg 1024w, https:\/\/antoniamarques.pt\/blog\/wp-content\/uploads\/2021\/01\/m-150x150.jpeg 150w, https:\/\/antoniamarques.pt\/blog\/wp-content\/uploads\/2021\/01\/m-300x300.jpeg 300w, https:\/\/antoniamarques.pt\/blog\/wp-content\/uploads\/2021\/01\/m-768x769.jpeg 768w\" sizes=\"auto, (max-width: 1024px) 100vw, 1024px\" \/><figcaption class=\"wp-element-caption\"><br>conversar, de vagar, no mercado<br> Ilha S\u00e3o Vicente, Mindelo<\/figcaption><\/figure><\/div>\n\n<div class=\"wp-block-image\">\n<figure class=\"aligncenter\"><img loading=\"lazy\" decoding=\"async\" width=\"1024\" height=\"764\" src=\"https:\/\/antoniamarques.pt\/blog\/wp-content\/uploads\/2021\/01\/Captura-de-ecr\u00e3-2019-06-17-\u00e0s-19.00.52-c\u00f3pia-1024x764.jpg\" alt=\"\" class=\"wp-image-2245\" srcset=\"https:\/\/antoniamarques.pt\/blog\/wp-content\/uploads\/2021\/01\/Captura-de-ecr\u00e3-2019-06-17-\u00e0s-19.00.52-c\u00f3pia-1024x764.jpg 1024w, https:\/\/antoniamarques.pt\/blog\/wp-content\/uploads\/2021\/01\/Captura-de-ecr\u00e3-2019-06-17-\u00e0s-19.00.52-c\u00f3pia-300x224.jpg 300w, https:\/\/antoniamarques.pt\/blog\/wp-content\/uploads\/2021\/01\/Captura-de-ecr\u00e3-2019-06-17-\u00e0s-19.00.52-c\u00f3pia-768x573.jpg 768w, https:\/\/antoniamarques.pt\/blog\/wp-content\/uploads\/2021\/01\/Captura-de-ecr\u00e3-2019-06-17-\u00e0s-19.00.52-c\u00f3pia.jpg 1432w\" sizes=\"auto, (max-width: 1024px) 100vw, 1024px\" \/><figcaption class=\"wp-element-caption\">conversar, de vagar, \u00e0 beira do mar<br> Ilha S\u00e3o Vicente, Salamansa<br><\/figcaption><\/figure><\/div>","protected":false},"excerpt":{"rendered":"<p>conversar, de vagar, deambulando entre voc\u00e1bulos em vivo,&nbsp;na primeira claridade, no lusco-fusco,\u00e0 luz da vela, ou sob o ru\u00eddo chato de uma intermitente l\u00e2mpada fluorescente,\u00e0 roda da mesa, na sala dos fundos, \u00e0 porta da rua, ou no meio da pra\u00e7a.Se for de vontade partilhada, qualquer lugar \u00e9 certo para abrigar uma troca de palavras.n\u00e3o [&hellip;]<\/p>\n","protected":false},"author":2,"featured_media":0,"parent":0,"menu_order":0,"comment_status":"closed","ping_status":"closed","template":"","meta":{"footnotes":""},"class_list":["post-2205","page","type-page","status-publish","hentry"],"_links":{"self":[{"href":"https:\/\/antoniamarques.pt\/blog\/wp-json\/wp\/v2\/pages\/2205","targetHints":{"allow":["GET"]}}],"collection":[{"href":"https:\/\/antoniamarques.pt\/blog\/wp-json\/wp\/v2\/pages"}],"about":[{"href":"https:\/\/antoniamarques.pt\/blog\/wp-json\/wp\/v2\/types\/page"}],"author":[{"embeddable":true,"href":"https:\/\/antoniamarques.pt\/blog\/wp-json\/wp\/v2\/users\/2"}],"replies":[{"embeddable":true,"href":"https:\/\/antoniamarques.pt\/blog\/wp-json\/wp\/v2\/comments?post=2205"}],"version-history":[{"count":8,"href":"https:\/\/antoniamarques.pt\/blog\/wp-json\/wp\/v2\/pages\/2205\/revisions"}],"predecessor-version":[{"id":3545,"href":"https:\/\/antoniamarques.pt\/blog\/wp-json\/wp\/v2\/pages\/2205\/revisions\/3545"}],"wp:attachment":[{"href":"https:\/\/antoniamarques.pt\/blog\/wp-json\/wp\/v2\/media?parent=2205"}],"curies":[{"name":"wp","href":"https:\/\/api.w.org\/{rel}","templated":true}]}}